{"id":53,"date":"2023-11-03T20:44:16","date_gmt":"2023-11-03T19:44:16","guid":{"rendered":"https:\/\/passiongrandsmeres.fr\/?page_id=53"},"modified":"2024-10-11T22:10:48","modified_gmt":"2024-10-11T20:10:48","slug":"home","status":"publish","type":"page","link":"https:\/\/passiongrandsmeres.fr\/","title":{"rendered":"Home"},"content":{"rendered":"\t\t<div data-elementor-type=\"wp-page\" data-elementor-id=\"53\" class=\"elementor elementor-53\">\n\t\t\t\t<div class=\"elementor-element elementor-element-ff62b8e e-con-full e-flex e-con e-parent\" data-id=\"ff62b8e\" data-element_type=\"container\" data-e-type=\"container\">\n\t\t\t\t<div class=\"elementor-element elementor-element-2deea8a elementor-widget__width-auto elementor-widget elementor-widget-html\" data-id=\"2deea8a\" data-element_type=\"widget\" data-e-type=\"widget\" data-widget_type=\"html.default\">\n\t\t\t\t<div class=\"elementor-widget-container\">\n\t\t\t\t\t<header>\r\n\t<div class=\"overlay\">\r\n<h1>Bienvenue \u00e0 l'Atelier<\/h1>\r\n<h1>De la passion de nos Grands-M\u00e8res<\/h1>\r\n\t\t<\/div>\r\n<\/header>\r\n<style>\r\n    *{padding: 0; margin: 0; box-sizing: border-box;}\r\nbody{height: 900px;}\r\nheader {\r\n\tbackground: url('http:\/\/www.autodatz.com\/wp-content\/uploads\/2017\/05\/Old-Car-Wallpapers-Hd-36-with-Old-Car-Wallpapers-Hd.jpg');\r\n\ttext-align: center;\r\n\twidth: 100%;\r\n\theight: auto;\r\n\tbackground-size: cover;\r\n\tbackground-attachment: fixed;\r\n\tposition: relative;\r\n\toverflow: hidden;\r\n\tborder-radius: 0 0 85% 85% \/ 30%;\r\n}\r\nheader .overlay{\r\n\twidth: 100%;\r\n\theight: 100%;\r\n\tpadding: 50px;\r\n\tcolor: #FFF;\r\n\ttext-shadow: 1px 1px 1px #333;\r\n  background-image: linear-gradient( 135deg, #9f05ff69 10%, #fd5e086b 100%);\r\n\t\r\n}\r\n\r\nh1 {\r\n\tfont-family: 'Lavishly Yours', cursive;\r\n\tmargin-bottom: 30px;\r\n}\r\n\r\nh2 {\r\n\tfont-family: 'Lavishly Yours', sans-serif;\r\n\tmargin-bottom: 30px;\r\n}\r\n<\/style>\t\t\t\t<\/div>\n\t\t\t\t<\/div>\n\t\t\t\t<div class=\"elementor-element elementor-element-7e2db72 elementor-widget-divider--view-line elementor-widget elementor-widget-divider\" data-id=\"7e2db72\" data-element_type=\"widget\" data-e-type=\"widget\" data-widget_type=\"divider.default\">\n\t\t\t\t<div class=\"elementor-widget-container\">\n\t\t\t\t\t\t\t<div class=\"elementor-divider\">\n\t\t\t<span class=\"elementor-divider-separator\">\n\t\t\t\t\t\t<\/span>\n\t\t<\/div>\n\t\t\t\t\t\t<\/div>\n\t\t\t\t<\/div>\n\t\t\t\t<\/div>\n\t\t<div class=\"elementor-element elementor-element-2740ae31 e-con-full e-flex e-con e-parent\" data-id=\"2740ae31\" data-element_type=\"container\" data-e-type=\"container\">\n\t\t<div class=\"elementor-element elementor-element-834f9c0 e-con-full e-flex e-con e-child\" data-id=\"834f9c0\" data-element_type=\"container\" data-e-type=\"container\">\n\t\t<div class=\"elementor-element elementor-element-3e4aa5d1 e-con-full e-flex e-con e-child\" data-id=\"3e4aa5d1\" data-element_type=\"container\" data-e-type=\"container\">\n\t\t\t\t<div class=\"elementor-element elementor-element-6084055e elementor-widget__width-initial elementor-widget elementor-widget-heading\" data-id=\"6084055e\" data-element_type=\"widget\" data-e-type=\"widget\" data-widget_type=\"heading.default\">\n\t\t\t\t<div class=\"elementor-widget-container\">\n\t\t\t\t\t<h1 class=\"elementor-heading-title elementor-size-default\">La passion de nos Grands-M\u00e8res<\/h1>\t\t\t\t<\/div>\n\t\t\t\t<\/div>\n\t\t\t\t<div class=\"elementor-element elementor-element-cb4d32e elementor-widget__width-inherit elementor-widget elementor-widget-text-editor\" data-id=\"cb4d32e\" data-element_type=\"widget\" data-e-type=\"widget\" data-widget_type=\"text-editor.default\">\n\t\t\t\t<div class=\"elementor-widget-container\">\n\t\t\t\t\t\t\t\t\t<p>Vous propose une vari\u00e9t\u00e9 de cours de couture pour r\u00e9pondre \u00e0 vos besoins, afin de vous aider \u00e0 cr\u00e9er selon vos envies.<\/p><p>Vous pourrez ainsi organiser un atelier de couture\u00a0chez vous ou \u00e0 l&#8217;atelier.<\/p><p>Je vous propose donc d&#8217;inviter vos amis \u00e0 passer 2 heures \u00a0dans une ambiance chaleureuse.<\/p><p>Pr\u00eat de machine \u00e0 coudre possible<img fetchpriority=\"high\" decoding=\"async\" class=\"size-medium wp-image-87 aligncenter\" src=\"http:\/\/passiongrandsmeres.fr\/wp-content\/uploads\/2023\/11\/1-removebg-preview-300x176.png\" alt=\"\" width=\"300\" height=\"176\" srcset=\"https:\/\/passiongrandsmeres.fr\/wp-content\/uploads\/2023\/11\/1-removebg-preview-300x176.png 300w, https:\/\/passiongrandsmeres.fr\/wp-content\/uploads\/2023\/11\/1-removebg-preview.png 651w\" sizes=\"(max-width: 300px) 100vw, 300px\" \/><\/p>\t\t\t\t\t\t\t\t<\/div>\n\t\t\t\t<\/div>\n\t\t\t\t<\/div>\n\t\t\t\t<\/div>\n\t\t<div class=\"elementor-element elementor-element-66442add e-con-full e-flex e-con e-child\" data-id=\"66442add\" data-element_type=\"container\" data-e-type=\"container\" data-settings=\"{&quot;background_background&quot;:&quot;classic&quot;}\">\n\t\t\t\t<\/div>\n\t\t\t\t<\/div>\n\t\t<div class=\"elementor-element elementor-element-e6d7428 e-flex e-con-boxed e-con e-parent\" data-id=\"e6d7428\" data-element_type=\"container\" data-e-type=\"container\">\n\t\t\t\t\t<div class=\"e-con-inner\">\n\t\t\t\t<div class=\"elementor-element elementor-element-5de5998 elementor-widget-divider--view-line elementor-widget elementor-widget-divider\" data-id=\"5de5998\" data-element_type=\"widget\" data-e-type=\"widget\" data-widget_type=\"divider.default\">\n\t\t\t\t<div class=\"elementor-widget-container\">\n\t\t\t\t\t\t\t<div class=\"elementor-divider\">\n\t\t\t<span class=\"elementor-divider-separator\">\n\t\t\t\t\t\t<\/span>\n\t\t<\/div>\n\t\t\t\t\t\t<\/div>\n\t\t\t\t<\/div>\n\t\t\t\t\t<\/div>\n\t\t\t\t<\/div>\n\t\t<div class=\"elementor-element elementor-element-e47e333 e-con-full e-flex e-con e-parent\" data-id=\"e47e333\" data-element_type=\"container\" data-e-type=\"container\">\n\t\t<div class=\"elementor-element elementor-element-29d1a0b e-con-full e-flex e-con e-child\" data-id=\"29d1a0b\" data-element_type=\"container\" data-e-type=\"container\">\n\t\t\t\t<div class=\"elementor-element elementor-element-4cb8d52 elementor-widget elementor-widget-image\" data-id=\"4cb8d52\" data-element_type=\"widget\" data-e-type=\"widget\" data-widget_type=\"image.default\">\n\t\t\t\t<div class=\"elementor-widget-container\">\n\t\t\t\t\t\t\t\t\t\t\t\t\t\t\t<img decoding=\"async\" width=\"500\" height=\"350\" src=\"https:\/\/passiongrandsmeres.fr\/wp-content\/uploads\/2023\/11\/bureau-salle-reservation.jpg\" class=\"attachment-large size-large wp-image-183\" alt=\"\" srcset=\"https:\/\/passiongrandsmeres.fr\/wp-content\/uploads\/2023\/11\/bureau-salle-reservation.jpg 500w, https:\/\/passiongrandsmeres.fr\/wp-content\/uploads\/2023\/11\/bureau-salle-reservation-300x210.jpg 300w\" sizes=\"(max-width: 500px) 100vw, 500px\" \/>\t\t\t\t\t\t\t\t\t\t\t\t\t\t\t<\/div>\n\t\t\t\t<\/div>\n\t\t\t\t<\/div>\n\t\t<div class=\"elementor-element elementor-element-1166cdb e-con-full e-flex e-con e-child\" data-id=\"1166cdb\" data-element_type=\"container\" data-e-type=\"container\">\n\t\t\t\t<div class=\"elementor-element elementor-element-30e35a8 elementor-widget__width-initial elementor-widget elementor-widget-html\" data-id=\"30e35a8\" data-element_type=\"widget\" data-e-type=\"widget\" data-widget_type=\"html.default\">\n\t\t\t\t<div class=\"elementor-widget-container\">\n\t\t\t\t\t<a title=\"Logiciel billetterie en ligne\" href=\"https:\/\/www.weezevent.com\/widget_multi.php?127491.1.1.bo\" class=\"weezevent-widget-integration\" target=\"_blank\" data-src=\"https:\/\/www.weezevent.com\/widget_multi.php?127491.1.1.bo\" data-width=\"100%\" data-height=\"100%\" data-id=\"multi\" data-resize=\"1\" data-npb=\"0\" data-width_auto=\"1\">Billetterie Weezevent<\/a>\n<script type=\"text\/javascript\" src=\"https:\/\/www.weezevent.com\/js\/widget\/min\/widget.min.js\"><\/script>\t\t\t\t<\/div>\n\t\t\t\t<\/div>\n\t\t\t\t<div class=\"elementor-element elementor-element-d938da1 elementor-widget elementor-widget-html\" data-id=\"d938da1\" data-element_type=\"widget\" data-e-type=\"widget\" data-widget_type=\"html.default\">\n\t\t\t\t<div class=\"elementor-widget-container\">\n\t\t\t\t\t<a href=\"https:\/\/la-passion-de-nos-grands-meres.sumupstore.com\/produits\" class=\"btn-rose\">\r\n    D\u00e9couvrir les Produits dans Boutique\r\n<\/a>\r\n<style>\r\n    .btn-rose {\r\n        background-color: #f48fb1;\r\n        color: #FFF;\r\n        padding: 1em 2em;\r\n        text-align: center;\r\n        font-size: 1vw; \r\n        font-weight: bold;\r\n        border: none;\r\n        border-radius: 50px;\r\n        cursor: pointer;\r\n        text-decoration: none;\r\n        transition: background-color 0.3s ease;\r\n        display: inline-block;\r\n    }\r\n\r\n    .btn-rose:hover {\r\n        background-color: #f06292;\r\n    }\r\n\r\n    \/* Responsive design pour les petits \u00e9crans *\/\r\n    @media (max-width: 768px) {\r\n        .btn-rose {\r\n            font-size: 5vw; \/* Ajuste la taille pour les \u00e9crans plus petits *\/\r\n            padding: 1em 1.5em; \/* R\u00e9duit le padding pour les petits \u00e9crans *\/\r\n        }\r\n    }\r\n\r\n    @media (max-width: 480px) {\r\n        .btn-rose {\r\n            font-size: 6vw; \/* Encore plus petit pour les tr\u00e8s petits \u00e9crans *\/\r\n            padding: 0.8em 1.2em; \/* R\u00e9duction suppl\u00e9mentaire du padding *\/\r\n        }\r\n    }\r\n<\/style>\r\n\t\t\t\t<\/div>\n\t\t\t\t<\/div>\n\t\t\t\t<\/div>\n\t\t\t\t<\/div>\n\t\t<div class=\"elementor-element elementor-element-c50ea0c e-con-full e-flex e-con e-parent\" data-id=\"c50ea0c\" data-element_type=\"container\" data-e-type=\"container\">\n\t\t\t\t<div class=\"elementor-element elementor-element-550faf7a elementor-widget elementor-widget-heading\" data-id=\"550faf7a\" data-element_type=\"widget\" data-e-type=\"widget\" data-widget_type=\"heading.default\">\n\t\t\t\t<div class=\"elementor-widget-container\">\n\t\t\t\t\t<span class=\"elementor-heading-title elementor-size-xxl\">Activit\u00e9s Propos\u00e9es<\/span>\t\t\t\t<\/div>\n\t\t\t\t<\/div>\n\t\t<div class=\"elementor-element elementor-element-1f54174c e-con-full e-flex e-con e-child\" data-id=\"1f54174c\" data-element_type=\"container\" data-e-type=\"container\">\n\t\t<div class=\"elementor-element elementor-element-155896bc e-con-full e-flex e-con e-child\" data-id=\"155896bc\" data-element_type=\"container\" data-e-type=\"container\">\n\t\t<div class=\"elementor-element elementor-element-43a6fead e-con-full e-flex e-con e-child\" data-id=\"43a6fead\" data-element_type=\"container\" data-e-type=\"container\">\n\t\t\t\t<div class=\"elementor-element elementor-element-37e51074 elementor-position-top elementor-widget elementor-widget-image-box\" data-id=\"37e51074\" data-element_type=\"widget\" data-e-type=\"widget\" data-widget_type=\"image-box.default\">\n\t\t\t\t<div class=\"elementor-widget-container\">\n\t\t\t\t\t<div class=\"elementor-image-box-wrapper\"><figure class=\"elementor-image-box-img\"><img decoding=\"async\" width=\"1538\" height=\"2048\" src=\"https:\/\/passiongrandsmeres.fr\/wp-content\/uploads\/2023\/11\/IMG_20220702_121736-1538x2048.jpg\" class=\"elementor-animation-sink attachment-2048x2048 size-2048x2048 wp-image-190\" alt=\"\" srcset=\"https:\/\/passiongrandsmeres.fr\/wp-content\/uploads\/2023\/11\/IMG_20220702_121736-1538x2048.jpg 1538w, https:\/\/passiongrandsmeres.fr\/wp-content\/uploads\/2023\/11\/IMG_20220702_121736-225x300.jpg 225w, https:\/\/passiongrandsmeres.fr\/wp-content\/uploads\/2023\/11\/IMG_20220702_121736-769x1024.jpg 769w, https:\/\/passiongrandsmeres.fr\/wp-content\/uploads\/2023\/11\/IMG_20220702_121736-768x1023.jpg 768w, https:\/\/passiongrandsmeres.fr\/wp-content\/uploads\/2023\/11\/IMG_20220702_121736-1153x1536.jpg 1153w, https:\/\/passiongrandsmeres.fr\/wp-content\/uploads\/2023\/11\/IMG_20220702_121736-scaled.jpg 1922w\" sizes=\"(max-width: 1538px) 100vw, 1538px\" \/><\/figure><div class=\"elementor-image-box-content\"><h3 class=\"elementor-image-box-title\">Animations<\/h3><\/div><\/div>\t\t\t\t<\/div>\n\t\t\t\t<\/div>\n\t\t\t\t<\/div>\n\t\t<div class=\"elementor-element elementor-element-cb00feb e-con-full e-flex e-con e-child\" data-id=\"cb00feb\" data-element_type=\"container\" data-e-type=\"container\">\n\t\t\t\t<div class=\"elementor-element elementor-element-53b3206 elementor-arrows-position-inside elementor-pagination-position-outside elementor-widget elementor-widget-image-carousel\" data-id=\"53b3206\" data-element_type=\"widget\" data-e-type=\"widget\" data-settings=\"{&quot;slides_to_show&quot;:&quot;1&quot;,&quot;autoplay_speed&quot;:2000,&quot;navigation&quot;:&quot;both&quot;,&quot;autoplay&quot;:&quot;yes&quot;,&quot;pause_on_hover&quot;:&quot;yes&quot;,&quot;pause_on_interaction&quot;:&quot;yes&quot;,&quot;infinite&quot;:&quot;yes&quot;,&quot;effect&quot;:&quot;slide&quot;,&quot;speed&quot;:500}\" data-widget_type=\"image-carousel.default\">\n\t\t\t\t<div class=\"elementor-widget-container\">\n\t\t\t\t\t\t\t<div class=\"elementor-image-carousel-wrapper swiper\" role=\"region\" aria-roledescription=\"carousel\" aria-label=\"Image Carousel\" dir=\"ltr\">\n\t\t\t<div class=\"elementor-image-carousel swiper-wrapper swiper-image-stretch\" aria-live=\"off\">\n\t\t\t\t\t\t\t\t<div class=\"swiper-slide\" role=\"group\" aria-roledescription=\"slide\" aria-label=\"1 of 6\"><figure class=\"swiper-slide-inner\"><img decoding=\"async\" class=\"swiper-slide-image\" src=\"https:\/\/passiongrandsmeres.fr\/wp-content\/uploads\/2023\/12\/image_123650291-3-1-225x300.jpg\" alt=\"image_123650291 (3)\" \/><\/figure><\/div><div class=\"swiper-slide\" role=\"group\" aria-roledescription=\"slide\" aria-label=\"2 of 6\"><figure class=\"swiper-slide-inner\"><img decoding=\"async\" class=\"swiper-slide-image\" src=\"https:\/\/passiongrandsmeres.fr\/wp-content\/uploads\/2023\/12\/IMG_4533-1-1-225x300.jpg\" alt=\"IMG_4533 (1) (1)\" \/><\/figure><\/div><div class=\"swiper-slide\" role=\"group\" aria-roledescription=\"slide\" aria-label=\"3 of 6\"><figure class=\"swiper-slide-inner\"><img decoding=\"async\" class=\"swiper-slide-image\" src=\"https:\/\/passiongrandsmeres.fr\/wp-content\/uploads\/2023\/12\/image_50385409_endroit-225x300.jpg\" alt=\"image_50385409_endroit\" \/><\/figure><\/div><div class=\"swiper-slide\" role=\"group\" aria-roledescription=\"slide\" aria-label=\"4 of 6\"><figure class=\"swiper-slide-inner\"><img decoding=\"async\" class=\"swiper-slide-image\" src=\"https:\/\/passiongrandsmeres.fr\/wp-content\/uploads\/2023\/12\/image_67221249-225x300.jpg\" alt=\"image_67221249\" \/><\/figure><\/div><div class=\"swiper-slide\" role=\"group\" aria-roledescription=\"slide\" aria-label=\"5 of 6\"><figure class=\"swiper-slide-inner\"><img decoding=\"async\" class=\"swiper-slide-image\" src=\"https:\/\/passiongrandsmeres.fr\/wp-content\/uploads\/2023\/12\/image_123650291-1-225x300.jpg\" alt=\"image_123650291 (1)\" \/><\/figure><\/div><div class=\"swiper-slide\" role=\"group\" aria-roledescription=\"slide\" aria-label=\"6 of 6\"><figure class=\"swiper-slide-inner\"><img decoding=\"async\" class=\"swiper-slide-image\" src=\"https:\/\/passiongrandsmeres.fr\/wp-content\/uploads\/2023\/12\/image_123650291-2-225x300.jpg\" alt=\"image_123650291 (2)\" \/><\/figure><\/div>\t\t\t<\/div>\n\t\t\t\t\t\t\t\t\t\t\t\t<div class=\"elementor-swiper-button elementor-swiper-button-prev\" role=\"button\" tabindex=\"0\">\n\t\t\t\t\t\t<svg aria-hidden=\"true\" class=\"e-font-icon-svg e-eicon-chevron-left\" viewBox=\"0 0 1000 1000\" xmlns=\"http:\/\/www.w3.org\/2000\/svg\"><path d=\"M646 125C629 125 613 133 604 142L308 442C296 454 292 471 292 487 292 504 296 521 308 533L604 854C617 867 629 875 646 875 663 875 679 871 692 858 704 846 713 829 713 812 713 796 708 779 692 767L438 487 692 225C700 217 708 204 708 187 708 171 704 154 692 142 675 129 663 125 646 125Z\"><\/path><\/svg>\t\t\t\t\t<\/div>\n\t\t\t\t\t<div class=\"elementor-swiper-button elementor-swiper-button-next\" role=\"button\" tabindex=\"0\">\n\t\t\t\t\t\t<svg aria-hidden=\"true\" class=\"e-font-icon-svg e-eicon-chevron-right\" viewBox=\"0 0 1000 1000\" xmlns=\"http:\/\/www.w3.org\/2000\/svg\"><path d=\"M696 533C708 521 713 504 713 487 713 471 708 454 696 446L400 146C388 133 375 125 354 125 338 125 325 129 313 142 300 154 292 171 292 187 292 204 296 221 308 233L563 492 304 771C292 783 288 800 288 817 288 833 296 850 308 863 321 871 338 875 354 875 371 875 388 867 400 854L696 533Z\"><\/path><\/svg>\t\t\t\t\t<\/div>\n\t\t\t\t\n\t\t\t\t\t\t\t\t\t<div class=\"swiper-pagination\"><\/div>\n\t\t\t\t\t\t\t\t\t<\/div>\n\t\t\t\t\t\t<\/div>\n\t\t\t\t<\/div>\n\t\t\t\t<div class=\"elementor-element elementor-element-d5bc198 elementor-widget elementor-widget-heading\" data-id=\"d5bc198\" data-element_type=\"widget\" data-e-type=\"widget\" data-widget_type=\"heading.default\">\n\t\t\t\t<div class=\"elementor-widget-container\">\n\t\t\t\t\t<h3 class=\"elementor-heading-title elementor-size-default\">Broderie<\/h3>\t\t\t\t<\/div>\n\t\t\t\t<\/div>\n\t\t\t\t<\/div>\n\t\t<div class=\"elementor-element elementor-element-197a347c e-con-full e-flex e-con e-child\" data-id=\"197a347c\" data-element_type=\"container\" data-e-type=\"container\">\n\t\t\t\t<div class=\"elementor-element elementor-element-12bda4f9 elementor-position-top elementor-widget elementor-widget-image-box\" data-id=\"12bda4f9\" data-element_type=\"widget\" data-e-type=\"widget\" data-widget_type=\"image-box.default\">\n\t\t\t\t<div class=\"elementor-widget-container\">\n\t\t\t\t\t<div class=\"elementor-image-box-wrapper\"><figure class=\"elementor-image-box-img\"><img loading=\"lazy\" decoding=\"async\" width=\"960\" height=\"960\" src=\"https:\/\/passiongrandsmeres.fr\/wp-content\/uploads\/2023\/11\/mug-de-noel.jpg\" class=\"elementor-animation-sink attachment-full size-full wp-image-191\" alt=\"\" srcset=\"https:\/\/passiongrandsmeres.fr\/wp-content\/uploads\/2023\/11\/mug-de-noel.jpg 960w, https:\/\/passiongrandsmeres.fr\/wp-content\/uploads\/2023\/11\/mug-de-noel-300x300.jpg 300w, https:\/\/passiongrandsmeres.fr\/wp-content\/uploads\/2023\/11\/mug-de-noel-150x150.jpg 150w, https:\/\/passiongrandsmeres.fr\/wp-content\/uploads\/2023\/11\/mug-de-noel-768x768.jpg 768w\" sizes=\"(max-width: 960px) 100vw, 960px\" \/><\/figure><div class=\"elementor-image-box-content\"><h3 class=\"elementor-image-box-title\">Box<\/h3><\/div><\/div>\t\t\t\t<\/div>\n\t\t\t\t<\/div>\n\t\t\t\t<\/div>\n\t\t\t\t<\/div>\n\t\t\t\t<\/div>\n\t\t\t\t<\/div>\n\t\t<div class=\"elementor-element elementor-element-59d07fb e-flex e-con-boxed e-con e-parent\" data-id=\"59d07fb\" data-element_type=\"container\" data-e-type=\"container\">\n\t\t\t\t\t<div class=\"e-con-inner\">\n\t\t\t\t<div class=\"elementor-element elementor-element-abf5cd6 elementor-widget-divider--view-line elementor-widget elementor-widget-divider\" data-id=\"abf5cd6\" data-element_type=\"widget\" data-e-type=\"widget\" data-widget_type=\"divider.default\">\n\t\t\t\t<div class=\"elementor-widget-container\">\n\t\t\t\t\t\t\t<div class=\"elementor-divider\">\n\t\t\t<span class=\"elementor-divider-separator\">\n\t\t\t\t\t\t<\/span>\n\t\t<\/div>\n\t\t\t\t\t\t<\/div>\n\t\t\t\t<\/div>\n\t\t\t\t\t<\/div>\n\t\t\t\t<\/div>\n\t\t<div class=\"elementor-element elementor-element-a155b24 e-con-full e-flex e-con e-parent\" data-id=\"a155b24\" data-element_type=\"container\" data-e-type=\"container\">\n\t\t<div class=\"elementor-element elementor-element-99b54dc e-con-full e-flex e-con e-child\" data-id=\"99b54dc\" data-element_type=\"container\" data-e-type=\"container\">\n\t\t\t\t<div class=\"elementor-element elementor-element-829d632 elementor-widget elementor-widget-text-editor\" data-id=\"829d632\" data-element_type=\"widget\" data-e-type=\"widget\" data-widget_type=\"text-editor.default\">\n\t\t\t\t<div class=\"elementor-widget-container\">\n\t\t\t\t\t\t\t\t\t<p class=\"font_8 wixui-rich-text__text\"><span class=\"wixui-rich-text__text\">C\u00e9line \u00a0L\u00e9veill\u00e9<\/span><\/p><p class=\"font_8 wixui-rich-text__text\"><span class=\"wixui-rich-text__text\">31, rue F\u00e9lix Vionnois, <\/span><span class=\"wixui-rich-text__text\">21000 Dijon, France\u00a0<\/span><\/p><p class=\"font_8 wixui-rich-text__text\"><span class=\"wixui-rich-text__text\"><a class=\"wixui-rich-text__text\" href=\"mailto:lapassiondenosgrandsmeres@gmail.com\" data-auto-recognition=\"true\">lapassiondenosgrandsmeres@gmail.com<\/a><\/span><\/p><p class=\"font_8 wixui-rich-text__text\"><span class=\"wixui-rich-text__text\">T\u00e9l : 06 87 21 41 50\u00a0<\/span><\/p><p class=\"font_8 wixui-rich-text__text\">SIREN : 83142403100027<\/p>\t\t\t\t\t\t\t\t<\/div>\n\t\t\t\t<\/div>\n\t\t\t\t<div class=\"elementor-element elementor-element-646b97b elementor-button-info elementor-align-center elementor-widget elementor-widget-button\" data-id=\"646b97b\" data-element_type=\"widget\" data-e-type=\"widget\" data-widget_type=\"button.default\">\n\t\t\t\t<div class=\"elementor-widget-container\">\n\t\t\t\t\t\t\t\t\t<div class=\"elementor-button-wrapper\">\n\t\t\t\t\t<a class=\"elementor-button elementor-button-link elementor-size-xs\" href=\"https:\/\/passiongrandsmeres.fr\/?page_id=42\">\n\t\t\t\t\t\t<span class=\"elementor-button-content-wrapper\">\n\t\t\t\t\t\t\t\t\t<span class=\"elementor-button-text\">CGU<\/span>\n\t\t\t\t\t<\/span>\n\t\t\t\t\t<\/a>\n\t\t\t\t<\/div>\n\t\t\t\t\t\t\t\t<\/div>\n\t\t\t\t<\/div>\n\t\t\t\t<\/div>\n\t\t<div class=\"elementor-element elementor-element-17fe2e5 e-con-full e-flex e-con e-child\" data-id=\"17fe2e5\" data-element_type=\"container\" data-e-type=\"container\">\n\t\t\t\t<div class=\"elementor-element elementor-element-8495853 elementor-shape-rounded elementor-grid-0 e-grid-align-center elementor-widget elementor-widget-social-icons\" data-id=\"8495853\" data-element_type=\"widget\" data-e-type=\"widget\" data-widget_type=\"social-icons.default\">\n\t\t\t\t<div class=\"elementor-widget-container\">\n\t\t\t\t\t\t\t<div class=\"elementor-social-icons-wrapper elementor-grid\" role=\"list\">\n\t\t\t\t\t\t\t<span class=\"elementor-grid-item\" role=\"listitem\">\n\t\t\t\t\t<a class=\"elementor-icon elementor-social-icon elementor-social-icon-facebook elementor-repeater-item-121661d\" href=\"https:\/\/www.facebook.com\/lapassiondenosgrandsmeres\" target=\"_blank\">\n\t\t\t\t\t\t<span class=\"elementor-screen-only\">Facebook<\/span>\n\t\t\t\t\t\t<svg aria-hidden=\"true\" class=\"e-font-icon-svg e-fab-facebook\" viewBox=\"0 0 512 512\" xmlns=\"http:\/\/www.w3.org\/2000\/svg\"><path d=\"M504 256C504 119 393 8 256 8S8 119 8 256c0 123.78 90.69 226.38 209.25 245V327.69h-63V256h63v-54.64c0-62.15 37-96.48 93.67-96.48 27.14 0 55.52 4.84 55.52 4.84v61h-31.28c-30.8 0-40.41 19.12-40.41 38.73V256h68.78l-11 71.69h-57.78V501C413.31 482.38 504 379.78 504 256z\"><\/path><\/svg>\t\t\t\t\t<\/a>\n\t\t\t\t<\/span>\n\t\t\t\t\t\t\t<span class=\"elementor-grid-item\" role=\"listitem\">\n\t\t\t\t\t<a class=\"elementor-icon elementor-social-icon elementor-social-icon-instagram elementor-repeater-item-b025f3e\" href=\"https:\/\/www.instagram.com\/la_passion_de_nos_grands_meres\/\" target=\"_blank\">\n\t\t\t\t\t\t<span class=\"elementor-screen-only\">Instagram<\/span>\n\t\t\t\t\t\t<svg aria-hidden=\"true\" class=\"e-font-icon-svg e-fab-instagram\" viewBox=\"0 0 448 512\" xmlns=\"http:\/\/www.w3.org\/2000\/svg\"><path d=\"M224.1 141c-63.6 0-114.9 51.3-114.9 114.9s51.3 114.9 114.9 114.9S339 319.5 339 255.9 287.7 141 224.1 141zm0 189.6c-41.1 0-74.7-33.5-74.7-74.7s33.5-74.7 74.7-74.7 74.7 33.5 74.7 74.7-33.6 74.7-74.7 74.7zm146.4-194.3c0 14.9-12 26.8-26.8 26.8-14.9 0-26.8-12-26.8-26.8s12-26.8 26.8-26.8 26.8 12 26.8 26.8zm76.1 27.2c-1.7-35.9-9.9-67.7-36.2-93.9-26.2-26.2-58-34.4-93.9-36.2-37-2.1-147.9-2.1-184.9 0-35.8 1.7-67.6 9.9-93.9 36.1s-34.4 58-36.2 93.9c-2.1 37-2.1 147.9 0 184.9 1.7 35.9 9.9 67.7 36.2 93.9s58 34.4 93.9 36.2c37 2.1 147.9 2.1 184.9 0 35.9-1.7 67.7-9.9 93.9-36.2 26.2-26.2 34.4-58 36.2-93.9 2.1-37 2.1-147.8 0-184.8zM398.8 388c-7.8 19.6-22.9 34.7-42.6 42.6-29.5 11.7-99.5 9-132.1 9s-102.7 2.6-132.1-9c-19.6-7.8-34.7-22.9-42.6-42.6-11.7-29.5-9-99.5-9-132.1s-2.6-102.7 9-132.1c7.8-19.6 22.9-34.7 42.6-42.6 29.5-11.7 99.5-9 132.1-9s102.7-2.6 132.1 9c19.6 7.8 34.7 22.9 42.6 42.6 11.7 29.5 9 99.5 9 132.1s2.7 102.7-9 132.1z\"><\/path><\/svg>\t\t\t\t\t<\/a>\n\t\t\t\t<\/span>\n\t\t\t\t\t<\/div>\n\t\t\t\t\t\t<\/div>\n\t\t\t\t<\/div>\n\t\t\t\t<div class=\"elementor-element elementor-element-b03edaf elementor-widget elementor-widget-google_maps\" data-id=\"b03edaf\" data-element_type=\"widget\" data-e-type=\"widget\" data-widget_type=\"google_maps.default\">\n\t\t\t\t<div class=\"elementor-widget-container\">\n\t\t\t\t\t\t\t<div class=\"elementor-custom-embed\">\n\t\t\t<iframe loading=\"lazy\"\n\t\t\t\t\tsrc=\"https:\/\/maps.google.com\/maps?q=31%2C%20rue%20F%C3%A9lix%20Vionnois%2C%2021000%20Dijon%2C%20France%C2%A0&#038;t=m&#038;z=10&#038;output=embed&#038;iwloc=near\"\n\t\t\t\t\ttitle=\"31, rue F\u00e9lix Vionnois, 21000 Dijon, France\u00a0\"\n\t\t\t\t\taria-label=\"31, rue F\u00e9lix Vionnois, 21000 Dijon, France\u00a0\"\n\t\t\t><\/iframe>\n\t\t<\/div>\n\t\t\t\t\t\t<\/div>\n\t\t\t\t<\/div>\n\t\t\t\t<\/div>\n\t\t\t\t<\/div>\n\t\t\t\t<\/div>\n\t\t","protected":false},"excerpt":{"rendered":"<p>Bienvenue \u00e0 l&#8217;Atelier De la passion de nos Grands-M\u00e8res La passion de nos Grands-M\u00e8res Vous propose une vari\u00e9t\u00e9 de cours de couture pour r\u00e9pondre \u00e0 vos besoins, afin de vous aider \u00e0 cr\u00e9er selon vos envies. Vous pourrez ainsi organiser un atelier de couture\u00a0chez vous ou \u00e0 l&#8217;atelier. Je vous propose donc d&#8217;inviter vos amis [&hellip;]<\/p>\n","protected":false},"author":1,"featured_media":0,"parent":0,"menu_order":0,"comment_status":"closed","ping_status":"closed","template":"elementor_header_footer","meta":{"footnotes":""},"class_list":["post-53","page","type-page","status-publish","hentry"],"_links":{"self":[{"href":"https:\/\/passiongrandsmeres.fr\/index.php?rest_route=\/wp\/v2\/pages\/53","targetHints":{"allow":["GET"]}}],"collection":[{"href":"https:\/\/passiongrandsmeres.fr\/index.php?rest_route=\/wp\/v2\/pages"}],"about":[{"href":"https:\/\/passiongrandsmeres.fr\/index.php?rest_route=\/wp\/v2\/types\/page"}],"author":[{"embeddable":true,"href":"https:\/\/passiongrandsmeres.fr\/index.php?rest_route=\/wp\/v2\/users\/1"}],"replies":[{"embeddable":true,"href":"https:\/\/passiongrandsmeres.fr\/index.php?rest_route=%2Fwp%2Fv2%2Fcomments&post=53"}],"version-history":[{"count":157,"href":"https:\/\/passiongrandsmeres.fr\/index.php?rest_route=\/wp\/v2\/pages\/53\/revisions"}],"predecessor-version":[{"id":296,"href":"https:\/\/passiongrandsmeres.fr\/index.php?rest_route=\/wp\/v2\/pages\/53\/revisions\/296"}],"wp:attachment":[{"href":"https:\/\/passiongrandsmeres.fr\/index.php?rest_route=%2Fwp%2Fv2%2Fmedia&parent=53"}],"curies":[{"name":"wp","href":"https:\/\/api.w.org\/{rel}","templated":true}]}}